{"id":15,"date":"2024-11-30T19:32:35","date_gmt":"2024-11-30T18:32:35","guid":{"rendered":"https:\/\/boutiqueboisee.fr\/?page_id=15"},"modified":"2024-11-30T21:13:23","modified_gmt":"2024-11-30T20:13:23","slug":"home","status":"publish","type":"page","link":"https:\/\/boutiqueboisee.fr\/","title":{"rendered":"Accueil"},"content":{"rendered":"\t\t<div data-elementor-type=\"wp-page\" data-elementor-id=\"15\" class=\"elementor elementor-15\">\n\t\t\t\t<div class=\"elementor-element elementor-element-321df56c coming-soon-shortly-banner-section e-flex e-con-boxed e-con e-parent\" data-id=\"321df56c\" data-element_type=\"container\" data-settings=\"{&quot;background_background&quot;:&quot;classic&quot;}\">\n\t\t\t\t\t<div class=\"e-con-inner\">\n\t\t<div class=\"elementor-element elementor-element-59b1195a coming-soon-shortly-con1 e-flex e-con-boxed e-con e-child\" data-id=\"59b1195a\" data-element_type=\"container\">\n\t\t\t\t\t<div class=\"e-con-inner\">\n\t\t\t\t<div class=\"elementor-element elementor-element-6c77ca9a elementor-widget elementor-widget-heading\" data-id=\"6c77ca9a\" data-element_type=\"widget\" data-widget_type=\"heading.default\">\n\t\t\t\t<div class=\"elementor-widget-container\">\n\t\t\t<h1 class=\"elementor-heading-title elementor-size-default\">Du bois<\/h1>\t\t<\/div>\n\t\t\t\t<\/div>\n\t\t\t\t<div class=\"elementor-element elementor-element-42729cbd coming-text elementor-widget elementor-widget-heading\" data-id=\"42729cbd\" data-element_type=\"widget\" data-widget_type=\"heading.default\">\n\t\t\t\t<div class=\"elementor-widget-container\">\n\t\t\t<h1 class=\"elementor-heading-title elementor-size-default\">ET<\/h1>\t\t<\/div>\n\t\t\t\t<\/div>\n\t\t\t\t<div class=\"elementor-element elementor-element-6d5d8e99 elementor-widget elementor-widget-heading\" data-id=\"6d5d8e99\" data-element_type=\"widget\" data-widget_type=\"heading.default\">\n\t\t\t\t<div class=\"elementor-widget-container\">\n\t\t\t<h1 class=\"elementor-heading-title elementor-size-default\">DES IDEES<\/h1>\t\t<\/div>\n\t\t\t\t<\/div>\n\t\t\t\t\t<\/div>\n\t\t\t\t<\/div>\n\t\t<div class=\"elementor-element elementor-element-30a7fa9b coming-soon-shortly-con2 e-flex e-con-boxed e-con e-child\" data-id=\"30a7fa9b\" data-element_type=\"container\">\n\t\t\t\t\t<div class=\"e-con-inner\">\n\t\t\t\t<div class=\"elementor-element elementor-element-16023c10 elementor-widget elementor-widget-text-editor\" data-id=\"16023c10\" data-element_type=\"widget\" data-widget_type=\"text-editor.default\">\n\t\t\t\t<div class=\"elementor-widget-container\">\n\t\t\t\t\t\t\t<p>Passionn\u00e9 par le travail traditionnel du bois mais aussi par les technologies modernes telles que la d\u00e9coupe ou gravure laser, je transforme modestement toutes mes id\u00e9es en objets de d\u00e9coration ou objets du quotidien.<\/p><p>Un objet vous int\u00e9resse ? Contactez-moi !<\/p><p>A bient\u00f4t \ud83d\ude09<\/p><p>Johan<\/p>\t\t\t\t\t\t<\/div>\n\t\t\t\t<\/div>\n\t\t\t\t<div class=\"elementor-element elementor-element-73cb56bd elementor-align-center elementor-widget elementor-widget-button\" data-id=\"73cb56bd\" data-element_type=\"widget\" data-widget_type=\"button.default\">\n\t\t\t\t<div class=\"elementor-widget-container\">\n\t\t\t\t\t\t\t<div class=\"elementor-button-wrapper\">\n\t\t\t\t\t<a class=\"elementor-button elementor-size-sm\" role=\"button\">\n\t\t\t\t\t\t<span class=\"elementor-button-content-wrapper\">\n\t\t\t\t\t\t\t\t\t<span class=\"elementor-button-text\">SMS &amp; Appel : <span style=\"color: rgb(124, 124, 124); font-family: &quot;Open Sans&quot;, sans-serif; font-size: 15px; font-weight: 400; text-align: left; text-transform: none; white-space-collapse: collapse; text-decoration-thickness: initial; text-decoration-style: initial; text-decoration-color: initial;\">+33 (0)6 52 80 05 95<\/span><\/span>\n\t\t\t\t\t<\/span>\n\t\t\t\t\t<\/a>\n\t\t\t\t<\/div>\n\t\t\t\t\t\t<\/div>\n\t\t\t\t<\/div>\n\t\t\t\t<div class=\"elementor-element elementor-element-d5867b6 elementor-widget elementor-widget-text-editor\" data-id=\"d5867b6\" data-element_type=\"widget\" data-widget_type=\"text-editor.default\">\n\t\t\t\t<div class=\"elementor-widget-container\">\n\t\t\t\t\t\t\t<p>PS : la galerie photos et la boutique en ligne arrivent bient\u00f4t !<\/p>\t\t\t\t\t\t<\/div>\n\t\t\t\t<\/div>\n\t\t\t\t\t<\/div>\n\t\t\t\t<\/div>\n\t\t\t\t\t<\/div>\n\t\t\t\t<\/div>\n\t\t\t\t<\/div>\n\t\t","protected":false},"excerpt":{"rendered":"<p>Du bois ET DES IDEES Passionn\u00e9 par le travail traditionnel du bois mais aussi par les technologies modernes telles que la d\u00e9coupe ou gravure laser, je transforme modestement toutes mes id\u00e9es en objets de d\u00e9coration ou objets du quotidien. Un objet vous int\u00e9resse ? Contactez-moi ! A bient\u00f4t \ud83d\ude09 Johan SMS &amp; Appel : +33 [&hellip;]<\/p>\n","protected":false},"author":1,"featured_media":0,"parent":0,"menu_order":0,"comment_status":"closed","ping_status":"closed","template":"templates\/frontpage.php","meta":{"footnotes":""},"class_list":["post-15","page","type-page","status-publish","hentry"],"_links":{"self":[{"href":"https:\/\/boutiqueboisee.fr\/index.php?rest_route=\/wp\/v2\/pages\/15","targetHints":{"allow":["GET"]}}],"collection":[{"href":"https:\/\/boutiqueboisee.fr\/index.php?rest_route=\/wp\/v2\/pages"}],"about":[{"href":"https:\/\/boutiqueboisee.fr\/index.php?rest_route=\/wp\/v2\/types\/page"}],"author":[{"embeddable":true,"href":"https:\/\/boutiqueboisee.fr\/index.php?rest_route=\/wp\/v2\/users\/1"}],"replies":[{"embeddable":true,"href":"https:\/\/boutiqueboisee.fr\/index.php?rest_route=%2Fwp%2Fv2%2Fcomments&post=15"}],"version-history":[{"count":20,"href":"https:\/\/boutiqueboisee.fr\/index.php?rest_route=\/wp\/v2\/pages\/15\/revisions"}],"predecessor-version":[{"id":59,"href":"https:\/\/boutiqueboisee.fr\/index.php?rest_route=\/wp\/v2\/pages\/15\/revisions\/59"}],"wp:attachment":[{"href":"https:\/\/boutiqueboisee.fr\/index.php?rest_route=%2Fwp%2Fv2%2Fmedia&parent=15"}],"curies":[{"name":"wp","href":"https:\/\/api.w.org\/{rel}","templated":true}]}}